{"id":2042,"date":"2018-09-09T02:42:54","date_gmt":"2018-09-09T02:42:54","guid":{"rendered":"https:\/\/gaetech.mx\/?page_id=2042"},"modified":"2022-03-07T20:26:34","modified_gmt":"2022-03-07T20:26:34","slug":"curso-de-analisis-diseno-y-ejecucion-de-sistemas-instrumentados-de-seguridad","status":"publish","type":"page","link":"https:\/\/gaetech.mx\/en\/curso-de-analisis-diseno-y-ejecucion-de-sistemas-instrumentados-de-seguridad\/","title":{"rendered":"Curso de An\u00e1lisis, Dise\u00f1o y Ejecuci\u00f3n de Sistemas Instrumentados de Seguridad"},"content":{"rendered":"<div class=\"panel-grid\" id=\"pg-2042-0\" ><div class=\"panel-grid-core\"><div class=\"panel-grid-cell\" id=\"pgc-2042-0-0\" >&nbsp;<\/div><div class=\"panel-grid-cell\" id=\"pgc-2042-0-1\" ><div class=\"panel-widget-style\" ><a href=\"https:\/\/gaetech.mx\/cursos-de-capacitacion-gaetech\/\" id=\"thinkupshortcodesthinkup_builder_buttontheme\" class=\"button style4 themebutton small standard\">VER TODOS LOS CURSOS DE GAETECH<\/a><\/div><\/div><div class=\"panel-grid-cell\" id=\"pgc-2042-0-2\" >&nbsp;<\/div><\/div><\/div><div class=\"panel-grid\" id=\"pg-2042-1\" ><div class=\"panel-grid-core\"><div class=\"panel-grid-cell\" id=\"pgc-2042-1-0\" ><div class=\"panel-widget-style\" ><div class=\"textwidget\"><p><div class=\"sc-lightbox image\"><span><img class=\"lightbox\" src=\"https:\/\/gaetech.mx\/wp-content\/uploads\/2018\/09\/7A.jpg\"><\/span><div class=\"image-overlay\"><div class=\"image-overlay-inner\"><div class=\"hover-icons\"><a class=\"hover-zoom prettyPhoto\" href=\"https:\/\/gaetech.mx\/wp-content\/uploads\/2018\/09\/7A.jpg\"><i><\/i><\/a><\/div><\/div><\/div><\/div><\/p>\n<\/div><\/div><\/div><div class=\"panel-grid-cell\" id=\"pgc-2042-1-1\" ><div class=\"panel-widget-style\" ><div class=\"textwidget\"><h2><span style=\"font-family: 'arial black', sans-serif; font-size: 24pt; color: #001a5d;\"><strong>Objetivo del curso<\/strong><\/span><\/h2>\n<p style=\"text-align: justify;\"><span style=\"font-size: 18pt; font-family: arial, helvetica, sans-serif;\">Al finalizar este curso, el asistente conocer\u00e1 los conceptos b\u00e1sicos para el an\u00e1lisis de riesgo, especificaci\u00f3n, dise\u00f1o, evaluaci\u00f3n, instalaci\u00f3n, comisionamiento, validaci\u00f3n, operaci\u00f3n y mantenimiento de un Sistema Instrumentado de Seguridad.<\/span><\/p>\n<h2><span style=\"font-family: 'arial black', sans-serif; font-size: 24pt; color: #001a5d;\"><strong>\u00bfA qui\u00e9n va dirigido?<\/strong><\/span><\/h2>\n<p style=\"text-align: justify;\"><span style=\"font-size: 18pt; font-family: arial, helvetica, sans-serif;\">A los responsables de resolver problemas de reducci\u00f3n de riesgo en plantas de proceso mediante Sistemas Instrumentados de Seguridad y que requieren de los conceptos y herramientas esenciales para llevarlo a cabo.<\/span><\/p>\n<\/div><\/div><\/div><\/div><\/div><div class=\"panel-grid\" id=\"pg-2042-2\" ><div class=\"panel-grid-core\"><div class=\"panel-grid-cell\" id=\"pgc-2042-2-0\" ><div class=\"panel-widget-style\" ><div class=\"margin10\"><\/div><\/div><\/div><\/div><\/div><div class=\"panel-grid\" id=\"pg-2042-3\" ><div class=\"panel-grid-core\"><div class=\"panel-grid-cell\" id=\"pgc-2042-3-0\" ><div class=\"panel-widget-style\" ><div class=\"textwidget\"><h2><span style=\"font-family: 'arial black', sans-serif; font-size: 24pt; color: #001a5d;\"><strong>Temario<\/strong><\/span><\/h2>\n<ol>\n<li><strong>Conceptos B\u00e1sicos de Seguridad Funcional<\/strong><\/li>\n<li><strong>Administraci\u00f3n de la Seguridad Funcional<\/strong><\/li>\n<li><strong> Evaluaci\u00f3n de Peligros y An\u00e1lisis de Riesgo<\/strong><\/li>\n<li><strong>Funciones Instrumentadas de Seguridad y Capas de Protecci\u00f3n<\/strong><\/li>\n<li><strong> \u00a0\u00a0<\/strong><strong>Especificaci\u00f3n de los Requerimientos de Seguridad<\/strong><\/li>\n<li><strong> Dise\u00f1o e Ingenier\u00eda del SIS <\/strong><\/li>\n<li><strong> Validaci\u00f3n<\/strong><\/li>\n<li><strong> Operaci\u00f3n y Mantenimiento del SIS<\/strong><\/li>\n<li><strong>Legislaci\u00f3n, Est\u00e1ndares y Normativas<\/strong><\/li>\n<li><strong>FAT, Instalaci\u00f3n, Comisionamiento y Validaci\u00f3n.<\/strong><\/li>\n<\/ol>\n<\/div><\/div><\/div><div class=\"panel-grid-cell\" id=\"pgc-2042-3-1\" >&nbsp;<\/div><\/div><\/div><div class=\"panel-grid\" id=\"pg-2042-4\" ><div class=\"panel-grid-core\"><div class=\"panel-grid-cell\" id=\"pgc-2042-4-0\" ><div class=\"panel-widget-style\" ><blockquote class=\"style2\"><b>INFORMES E INSCRIPCIONES<\/b>\n<br>\nTel. 442 220 60 43 y  442-446-57-02\n<br>\ngerencia.logistica@gaetech.mx\n<br>\nwww.gaetech.mx<\/blockquote><\/div><\/div><div class=\"panel-grid-cell\" id=\"pgc-2042-4-1\" ><div class=\"panel-widget-style\" ><div class=\"textwidget\"><h1><strong>Solicita m\u00e1s Informaci\u00f3n<\/strong><\/h1>\n<p><div role=\"form\" class=\"wpcf7\" id=\"wpcf7-f1957-o1\" lang=\"en-US\" dir=\"ltr\">\n<div class=\"screen-reader-response\"><p role=\"status\" aria-live=\"polite\" aria-atomic=\"true\"><\/p> <ul><\/ul><\/div>\n<form action=\"\/en\/wp-json\/wp\/v2\/pages\/2042#wpcf7-f1957-o1\" method=\"post\" class=\"wpcf7-form init\" novalidate=\"novalidate\" data-status=\"init\">\n<div style=\"display: none;\">\n<input type=\"hidden\" name=\"_wpcf7\" value=\"1957\" \/>\n<input type=\"hidden\" name=\"_wpcf7_version\" value=\"5.6.3\" \/>\n<input type=\"hidden\" name=\"_wpcf7_locale\" value=\"en_US\" \/>\n<input type=\"hidden\" name=\"_wpcf7_unit_tag\" value=\"wpcf7-f1957-o1\" \/>\n<input type=\"hidden\" name=\"_wpcf7_container_post\" value=\"0\" \/>\n<input type=\"hidden\" name=\"_wpcf7_posted_data_hash\" value=\"\" \/>\n<\/div>\n<p><span class=\"wpcf7-form-control-wrap\" data-name=\"your-name\"><input type=\"text\" name=\"your-name\" value=\"\" size=\"40\" class=\"wpcf7-form-control wpcf7-text wpcf7-validates-as-required\" aria-required=\"true\" aria-invalid=\"false\" placeholder=\"Nombre\" \/><\/span> <\/p>\n<p><span class=\"wpcf7-form-control-wrap\" data-name=\"your-email\"><input type=\"email\" name=\"your-email\" value=\"\" size=\"40\" class=\"wpcf7-form-control wpcf7-text wpcf7-email wpcf7-validates-as-required wpcf7-validates-as-email\" aria-required=\"true\" aria-invalid=\"false\" placeholder=\"Email\" \/><\/span> <\/p>\n<p><span class=\"wpcf7-form-control-wrap\" data-name=\"your-phone\"><input type=\"text\" name=\"your-phone\" value=\"\" size=\"40\" class=\"wpcf7-form-control wpcf7-text wpcf7-validates-as-required\" aria-required=\"true\" aria-invalid=\"false\" placeholder=\"Tel\u00e9fono\" \/><\/span> <\/p>\n<p><span class=\"wpcf7-form-control-wrap\" data-name=\"your-message\"><textarea name=\"your-message\" cols=\"40\" rows=\"10\" class=\"wpcf7-form-control wpcf7-textarea\" aria-invalid=\"false\" placeholder=\"Mensaje\"><\/textarea><\/span><\/p>\n<p><br><\/p>\n<p><input type=\"submit\" value=\"Enviar\" class=\"wpcf7-form-control has-spinner wpcf7-submit\" \/><\/p>\n<div class=\"wpcf7-response-output\" aria-hidden=\"true\"><\/div><\/form><\/div><\/p>\n<\/div><\/div><\/div><\/div><\/div>","protected":false},"excerpt":{"rendered":"<p>&nbsp;VER TODOS LOS CURSOS DE GAETECH&nbsp; Objetivo del curso Al finalizar este curso, el asistente conocer\u00e1 los conceptos b\u00e1sicos para el an\u00e1lisis de riesgo, especificaci\u00f3n, dise\u00f1o, evaluaci\u00f3n, instalaci\u00f3n, comisionamiento, validaci\u00f3n, operaci\u00f3n y mantenimiento de un Sistema Instrumentado de Seguridad. \u00bfA qui\u00e9n va dirigido? A los responsables de resolver problemas de reducci\u00f3n de riesgo en plantas [&hellip;]<\/p>\n","protected":false},"author":2,"featured_media":2058,"parent":0,"menu_order":0,"comment_status":"closed","ping_status":"closed","template":"","meta":{"_exactmetrics_skip_tracking":false,"_exactmetrics_sitenote_active":false,"_exactmetrics_sitenote_note":"","_exactmetrics_sitenote_category":0,"_joinchat":[]},"categories":[],"tags":[],"_links":{"self":[{"href":"https:\/\/gaetech.mx\/en\/wp-json\/wp\/v2\/pages\/2042"}],"collection":[{"href":"https:\/\/gaetech.mx\/en\/wp-json\/wp\/v2\/pages"}],"about":[{"href":"https:\/\/gaetech.mx\/en\/wp-json\/wp\/v2\/types\/page"}],"author":[{"embeddable":true,"href":"https:\/\/gaetech.mx\/en\/wp-json\/wp\/v2\/users\/2"}],"replies":[{"embeddable":true,"href":"https:\/\/gaetech.mx\/en\/wp-json\/wp\/v2\/comments?post=2042"}],"version-history":[{"count":2,"href":"https:\/\/gaetech.mx\/en\/wp-json\/wp\/v2\/pages\/2042\/revisions"}],"predecessor-version":[{"id":2044,"href":"https:\/\/gaetech.mx\/en\/wp-json\/wp\/v2\/pages\/2042\/revisions\/2044"}],"wp:featuredmedia":[{"embeddable":true,"href":"https:\/\/gaetech.mx\/en\/wp-json\/wp\/v2\/media\/2058"}],"wp:attachment":[{"href":"https:\/\/gaetech.mx\/en\/wp-json\/wp\/v2\/media?parent=2042"}],"wp:term":[{"taxonomy":"category","embeddable":true,"href":"https:\/\/gaetech.mx\/en\/wp-json\/wp\/v2\/categories?post=2042"},{"taxonomy":"post_tag","embeddable":true,"href":"https:\/\/gaetech.mx\/en\/wp-json\/wp\/v2\/tags?post=2042"}],"curies":[{"name":"wp","href":"https:\/\/api.w.org\/{rel}","templated":true}]}}